{"id":1342,"date":"2019-06-20T11:57:32","date_gmt":"2019-06-20T11:57:32","guid":{"rendered":"https:\/\/lab.bluecloudnet.com\/?page_id=1342"},"modified":"2022-04-28T16:47:23","modified_gmt":"2022-04-28T13:47:23","slug":"terms-conditions","status":"publish","type":"page","link":"https:\/\/studies-planner.com\/it\/terms-conditions\/","title":{"rendered":"Terms &#038; Conditions"},"content":{"rendered":"\n<!-- This legal document was generated by Complianz Terms &amp; Conditions https:\/\/wordpress.org\/plugins\/complianz-terms-conditions -->\n<div id=\"cmplz-document\" class=\"cmplz-document cmplz-terms-conditions \"><p><i>I termini e le condizioni sono stati aggiornati l'ultima volta il Febbraio 28, 2024<\/i><\/p><h2>1. Introduzione<\/h2><p>Questi Termini e Condizioni si applicano a questo sito web e alle transazioni relative ai nostri prodotti e servizi.&nbsp;Pu\u00f2 essere vincolato da ulteriori contratti relativi alla tua relazione con noi o a qualsiasi prodotto o servizio che ricevi da noi.&nbsp;Se qualsiasi disposizione dei contratti aggiuntivi \u00e8 in conflitto con qualsiasi disposizione di questi Termini, le disposizioni di questi contratti aggiuntivi controlleranno e prevarranno.<\/p><h2>2. Vincolo<\/h2><p>Registrandosi, accedendo o utilizzando in altro modo questo sito web, l'utente accetta di essere vincolato da questi Termini e condizioni di seguito riportati.&nbsp;Il semplice uso di questo sito web implica la conoscenza e l'accettazione di questi termini e condizioni.&nbsp;In alcuni casi particolari, possiamo anche chiederle di acconsentire esplicitamente.<\/p><h2>3. Propriet\u00e0 intellettuale<\/h2><p>Noi o i nostri licenziatari possediamo e controlliamo tutti i diritti d'autore e gli altri diritti di propriet\u00e0 intellettuale del sito web e i dati, le informazioni e le altre risorse visualizzate o accessibili all'interno del sito web.<\/p><p class=\"cmplz-subtitle\">3.1 Creative Commons<\/p><p>Il contenuto di questo sito web \u00e8 disponibile sotto una licenza , se non diversamente specificato.<\/p><h2>4. Propriet\u00e0 di terzi<\/h2><p>Il nostro sito web pu\u00f2 includere collegamenti ipertestuali o altri riferimenti a siti web di altre parti.&nbsp;Non controlliamo o rivediamo il contenuto dei siti web di altre parti che sono collegati a questo sito web.&nbsp;I prodotti o i servizi offerti da altri siti web sono soggetti ai Termini e Condizioni applicabili di queste terze parti.&nbsp;Le opinioni espresse o il materiale che appare su questi siti web non sono necessariamente condivise o approvate da noi.<\/p><p>Non saremo responsabili delle pratiche di privacy o del contenuto di questi siti.&nbsp;Lei sopporta tutti i rischi associati all'uso di questi siti web e di qualsiasi servizio di terzi collegato.&nbsp;Non accetteremo alcuna responsabilit\u00e0 per eventuali perdite o danni in qualsiasi modo, comunque causati, derivanti dalla vostra divulgazione a terzi di informazioni personali.<\/p><h2>5. Utilizzo responsabile<\/h2><p>Visitando il nostro sito web, l'utente accetta di utilizzarlo solo per gli scopi previsti e come consentito da queste Condizioni, da qualsiasi contratto aggiuntivo con noi, e dalle leggi e dai regolamenti applicabili, nonch\u00e9 dalle pratiche online generalmente accettate e dalle linee guida del settore.&nbsp;Non pu\u00f2 utilizzare il nostro sito web o i nostri servizi per utilizzare, pubblicare o distribuire qualsiasi materiale che consiste in (o \u00e8 collegato a) software per computer dannosi; utilizzare i dati raccolti dal nostro sito web per qualsiasi attivit\u00e0 di marketing diretto, o condurre qualsiasi attivit\u00e0 di raccolta dati sistematica o automatizzata su o in relazione al nostro sito web.<\/p><p>\u00c8 severamente vietato intraprendere qualsiasi attivit\u00e0 che causi, o possa causare, danni al sito web o che interferisca con le prestazioni, la disponibilit\u00e0 o l'accessibilit\u00e0 del sito web.<\/p><h2>6. Politica di rimborso e restituzione<\/h2><p class=\"cmplz-subtitle\">6.1 Diritto di recesso<\/p><p>Lei ha il diritto di recedere da questo contratto entro 14 giorni senza fornire alcuna ragione.<\/p><p>Per esercitare il diritto di recesso, deve informarci della sua decisione di recedere da questo contratto con una dichiarazione inequivocabile (per esempio una lettera inviata per posta, fax o e-mail).&nbsp;I nostri dettagli di contatto possono essere trovati qui sotto.&nbsp;You may use the attached model <a target=\"_blank\" href=\"https:\/\/studies-planner.com\/wp-content\/uploads\/complianz\/withdrawal-forms\/withdrawal-form-it.pdf\">withdrawal form<\/a>, but it is not obligatory.<\/p><p>You can also electronically fill in and submit the model withdrawal form or any other unequivocal statement on our <a href=\"https:\/\/studies-planner.com\/it\/contact\/\"> website<\/a>.<\/p><p>Se utilizza questa opzione, le comunicheremo senza indugio un avviso di ricevimento di tale recesso su un supporto durevole (per esempio via e-mail).<\/p><p>Per rispettare il termine di recesso, \u00e8 sufficiente che lei invii la sua comunicazione relativa all'esercizio del diritto di recesso prima che il periodo di recesso sia scaduto.<\/p><p class=\"cmplz-subtitle\">6.2 Effetti del recesso<\/p><p>Se lei recede da questo contratto, le rimborseremo tutti i pagamenti ricevuti da lei, compresi i costi di consegna (ad eccezione dei costi supplementari derivanti dalla sua scelta di un tipo di consegna diverso dal tipo meno costoso di consegna standard da noi offerto), senza indebito ritardo e in ogni caso non oltre 14 giorni dal giorno in cui siamo informati della sua decisione di recedere da questo contratto.&nbsp;Effettueremo tale rimborso utilizzando lo stesso mezzo di pagamento da lei utilizzato per la transazione iniziale, a meno che lei non abbia espressamente concordato altrimenti; in ogni caso, non dovr\u00e0 sostenere alcuna spesa a seguito di tale rimborso.<\/p><p>Lei \u00e8 responsabile solo della diminuzione del valore della merce risultante dalla manipolazione diversa da quella necessaria per stabilire la natura, le caratteristiche e il funzionamento della merce.<\/p><p>Si prega di notare che ci sono alcune eccezioni legali al diritto di recesso, e alcuni articoli non possono quindi essere restituiti o cambiati.&nbsp;Le faremo sapere se questo si applica al suo caso particolare.<\/p><h2>7. Presentazione di idee<\/h2><p>Non presentare idee, invenzioni, opere d'autore o altre informazioni che possono essere considerate propriet\u00e0 intellettuale propria che vorresti presentarci, a meno che non abbiamo prima firmato un accordo sulla propriet\u00e0 intellettuale o un accordo di non divulgazione.&nbsp;Se ce lo riveli in assenza di tale accordo scritto, ci concedi una licenza mondiale, irrevocabile, non esclusiva, priva di royalty per utilizzare, riprodurre, memorizzare, adattare, pubblicare, tradurre e distribuire il tuo contenuto in qualsiasi media esistente o futuro.<\/p><h2>8. Cessazione dell&#039;uso<\/h2><p>Possiamo, a nostra sola discrezione, in qualsiasi momento modificare o interrompere l'accesso, temporaneamente o permanentemente, al sito web o a qualsiasi servizio su di esso.&nbsp;Lei accetta che non saremo responsabili nei Suoi confronti o nei confronti di terzi per qualsiasi modifica, sospensione o interruzione del Suo accesso o uso del sito web o di qualsiasi contenuto che Lei possa aver condiviso sul sito web.&nbsp;Non avr\u00e0 diritto ad alcun indennizzo o altro pagamento, anche se alcune caratteristiche, impostazioni, e\/o qualsiasi Contenuto che lei ha contribuito o su cui ha fatto affidamento, sono permanentemente persi.&nbsp;Non pu\u00f2 eludere o bypassare, o tentare di eludere o bypassare, qualsiasi misura di restrizione di accesso sul nostro sito web.<\/p><h2>9. Garanzie e responsabilit\u00e0<\/h2><p>Niente in questa sezione limiter\u00e0 o escluder\u00e0 qualsiasi garanzia implicita per legge che sarebbe illegale limitare o escludere.&nbsp;Questo sito web e tutti i contenuti del sito web sono forniti su una base \" cos\u00ec com'\u00e8 \" e \" come disponibile \" e possono includere imprecisioni o errori tipografici.&nbsp;Decliniamo espressamente tutte le garanzie di qualsiasi tipo, sia espresse che implicite, per quanto riguarda la disponibilit\u00e0, l'accuratezza o la completezza del Contenuto.&nbsp;Non garantiamo che:<\/p><p>Le seguenti disposizioni di questa sezione si applicheranno nella misura massima consentita dalla legge applicabile e non limiteranno o escluderanno la nostra responsabilit\u00e0 in relazione a qualsiasi questione che sarebbe illegale o illegale per noi limitare o escludere la nostra responsabilit\u00e0.&nbsp;In nessun caso saremo responsabili per qualsiasi danno diretto o indiretto (compresi i danni per la perdita di profitti o entrate, perdita o corruzione di dati, software o database, o perdita o danno alla propriet\u00e0 o ai dati) sostenuti da voi o da qualsiasi terza parte, derivanti dal vostro accesso o uso del nostro sito web.<\/p><h2>10. Privacy<\/h2><p>Per accedere al nostro sito web e\/o ai nostri servizi, ti pu\u00f2 essere richiesto di fornire alcune informazioni su di te come parte del processo di registrazione.&nbsp;L'utente accetta che qualsiasi informazione fornita sia sempre accurata, corretta e aggiornata.<\/p><p>Abbiamo sviluppato una politica per affrontare qualsiasi preoccupazione sulla privacy che potresti avere.&nbsp;For more information, please see our <a href=\"\">Privacy Statement<\/a> and our <a href=\"\">Cookie Policy<\/a>.<\/p><h2>11. Restrizioni all&#039;esportazione \/ Conformit\u00e0 legale<\/h2><p>L'accesso al sito web da territori o paesi in cui il Contenuto o l'acquisto di prodotti o Servizi venduti sul sito web \u00e8 illegale \u00e8 proibito.&nbsp;Non pu\u00f2 utilizzare questo sito web in violazione delle leggi e dei regolamenti sull'esportazione di .<\/p><h2>12. Assegnazione<\/h2><p>Non pu\u00f2 assegnare, trasferire o subappaltare nessuno dei Suoi diritti e\/o obblighi ai sensi di questi Termini e condizioni, in tutto o in parte, a terzi senza il nostro previo consenso scritto.&nbsp;Qualsiasi presunta assegnazione in violazione di questa Sezione sar\u00e0 nulla.<\/p><h2>13. Violazioni di questi termini e condizioni<\/h2><p>Senza pregiudicare gli altri nostri diritti ai sensi di questi Termini e Condizioni, se l'utente viola questi Termini e Condizioni in qualsiasi modo, possiamo intraprendere le azioni che riteniamo appropriate per affrontare la violazione, compresa la sospensione temporanea o permanente del suo accesso al sito web, contattando il suo provider di servizi Internet per richiedere che blocchi il suo accesso al sito web, e\/o avviare un'azione legale contro l'utente.<\/p><h2>14. Indennizzo<\/h2><p>Lei accetta di indennizzare, difendere e manlevare noi, da e contro qualsiasi reclamo, responsabilit\u00e0, danni, perdite e spese, relative alla sua violazione di questi termini e condizioni, e le leggi applicabili, compresi i diritti di propriet\u00e0 intellettuale e diritti di privacy.&nbsp;Ci rimborser\u00e0 prontamente per i nostri danni, perdite, costi e spese relativi a o derivanti da tali reclami.<\/p><h2>15. Rinuncia<\/h2><p>La mancata applicazione di una qualsiasi delle disposizioni stabilite in questi Termini e Condizioni e in qualsiasi Accordo, o il mancato esercizio di qualsiasi opzione di rescissione, non deve essere interpretata come una rinuncia a tali disposizioni e non pregiudica la validit\u00e0 di questi Termini e Condizioni o di qualsiasi Accordo o parte di esso, o il diritto successivo di applicare ogni singola disposizione.<\/p><h2>16. Lingua<\/h2><p>Questi Termini e Condizioni saranno interpretati e intesi esclusivamente in Inglese.&nbsp;Tutti gli avvisi e la corrispondenza saranno scritti esclusivamente in quella lingua.<\/p><h2>17. Accordo integrale<\/h2><p>These Terms and Conditions, together with our <a href=\"\">privacy statement<\/a> and <a href=\"\">cookie policy<\/a>, constitute the entire agreement between you and  in relation to your use of this website.<\/p><h2>18. Scelta della legge e della giurisdizione<\/h2><p>Questi Termini e Condizioni sono regolati dalle leggi di .&nbsp;Qualsiasi controversia relativa ai presenti Termini e Condizioni sar\u00e0 soggetta alla giurisdizione dei tribunali di .&nbsp;Se una qualsiasi parte o disposizione di questi Termini e Condizioni \u00e8 ritenuta da un tribunale o da un'altra autorit\u00e0 non valida e\/o inapplicabile ai sensi della legge applicabile, tale parte o disposizione sar\u00e0 modificata, eliminata e\/o applicata nella misura massima consentita in modo da dare effetto all'intento di questi Termini e Condizioni.&nbsp;Le altre disposizioni non saranno interessate.<\/p><h2>19. Informazioni di contatto<\/h2><p>Questo sito web \u00e8 di propriet\u00e0 e gestito da .<\/p><h2>20. Scarica<\/h2><p>You can also <a href=\"https:\/\/studies-planner.com\/wp-content\/plugins\/complianz-terms-conditions\/download.php\">download<\/a> our Terms and Conditions as a PDF.<\/p><\/div>\n<!-- Below are the alternative terms --><br \/>\n<!--\nWelcome to our website. If you continue to browse and use this website, you are agreeing to comply with and be bound by the following terms and conditions of use, which together with our privacy policy govern [] relationship with you in relation to this website. If you disagree with any part of these terms and conditions, please do not use our website.\n \nThe term \u2018[]\u2019 or \u2018us\u2019 or \u2018we\u2019 refers to the owner of the website whose registered office is []. Our company registration number is []. The term \u2018you\u2019 refers to the user or viewer of our website.\n\nThe use of this website is subject to the following terms of use:\n\n    \u2013 The content of the pages of this website is for your general information and use only. It is subject to change without notice.\n    \u2013 This website uses cookies to monitor browsing preferences. If you do allow cookies to be used, the following personal information may be stored by us for use by third parties.\n    \u2013 Neither we nor any third parties provide any warranty or guarantee as to the accuracy, timeliness, performance, completeness or suitability of the information and materials found or offered on this website for any particular purpose. You acknowledge that such information and materials may contain inaccuracies or errors and we expressly exclude liability for any such inaccuracies or errors to the fullest extent permitted by law.\n    \u2013 Your use of any information or materials on this website is entirely at your own risk, for which we shall not be liable. It shall be your own responsibility to ensure that any products, services or information available through this website meet your specific requirements.\n    \u2013 This website contains material which is owned by or licensed to us. This material includes, but is not limited to, the design, layout, look, appearance and graphics. Reproduction is prohibited other than in accordance with the copyright notice, which forms part of these terms and conditions.\n    \u2013 All trade marks reproduced in this website which are not the property of, or licensed to, the operator are acknowledged on the website.\n    \u2013 Unauthorized use of this website may give rise to a claim for damages and\/or be a criminal offense.\n    \u2013 From time to time this website may also include links to other websites. These links are provided for your convenience to provide further information. They do not signify that we endorse the website(s). We have no responsibility for the content of the linked website(s).\n    \u2013 Your use of this website and any dispute arising out of such use of the website is subject to the laws of Cyprus \n--><\/p>\n","protected":false},"excerpt":{"rendered":"","protected":false},"author":1,"featured_media":0,"parent":0,"menu_order":22,"comment_status":"closed","ping_status":"closed","template":"","meta":{"_genesis_hide_title":false,"_genesis_hide_breadcrumbs":false,"_genesis_hide_singular_image":false,"_genesis_hide_footer_widgets":false,"_genesis_custom_body_class":"","_genesis_custom_post_class":"","_genesis_layout":"","footnotes":""},"class_list":{"0":"post-1342","1":"page","2":"type-page","3":"status-publish","5":"entry"},"_links":{"self":[{"href":"https:\/\/studies-planner.com\/it\/wp-json\/wp\/v2\/pages\/1342","targetHints":{"allow":["GET"]}}],"collection":[{"href":"https:\/\/studies-planner.com\/it\/wp-json\/wp\/v2\/pages"}],"about":[{"href":"https:\/\/studies-planner.com\/it\/wp-json\/wp\/v2\/types\/page"}],"author":[{"embeddable":true,"href":"https:\/\/studies-planner.com\/it\/wp-json\/wp\/v2\/users\/1"}],"replies":[{"embeddable":true,"href":"https:\/\/studies-planner.com\/it\/wp-json\/wp\/v2\/comments?post=1342"}],"version-history":[{"count":0,"href":"https:\/\/studies-planner.com\/it\/wp-json\/wp\/v2\/pages\/1342\/revisions"}],"wp:attachment":[{"href":"https:\/\/studies-planner.com\/it\/wp-json\/wp\/v2\/media?parent=1342"}],"curies":[{"name":"wp","href":"https:\/\/api.w.org\/{rel}","templated":true}]}}