{"id":3082,"date":"2025-08-07T08:49:32","date_gmt":"2025-08-07T05:49:32","guid":{"rendered":"https:\/\/studies-planner.com\/shop\/non class\u00e9\/serie-de-cahiers-en-arabe\/"},"modified":"2025-08-07T08:49:32","modified_gmt":"2025-08-07T05:49:32","slug":"serie-de-cahiers-en-arabe","status":"publish","type":"product","link":"https:\/\/studies-planner.com\/fr\/shop\/academic-subjects\/serie-de-cahiers-en-arabe\/","title":{"rendered":"S\u00e9rie de Cahiers en Arabe"},"content":{"rendered":"<section class=\"studiesplanner-main\">\n<div class=\"container\">\n<h1>\ud83d\udcda Studies Planner \u2013 S\u00e9rie de Cahiers en Arabe<\/h1>\n<p>Apprenez l\u2019arabe facilement et de mani\u00e8re structur\u00e9e. Choisissez votre niveau et explorez tous les cahiers disponibles (8 semaines par niveau).<\/p>\n<div class=\"levels-wrapper\">\n<p>      <!-- A1 --><\/p>\n<article class=\"level-card a1\">\n        <img decoding=\"async\" src=\"\/wp-content\/uploads\/booklet-ar-a1.jpg\" alt=\"Cahier Arabe A1\"><\/p>\n<h2>A1<\/h2>\n<p>Alphabet, mots et phrases de base, introduction \u00e0 la langue.<\/p>\n<p>        <a href=\"\/arabic-course\/a1\" class=\"buy-btn\">Voir les 8 Cahiers<\/a><br \/>\n      <\/article>\n<p>      <!-- A2 --><\/p>\n<article class=\"level-card a2\">\n        <img decoding=\"async\" src=\"\/wp-content\/uploads\/booklet-ar-a2.jpg\" alt=\"Cahier Arabe A2\"><\/p>\n<h2>A2<\/h2>\n<p>Expressions courantes, vocabulaire et grammaire de base.<\/p>\n<p>        <a href=\"\/arabic-course\/a2\" class=\"buy-btn\">Voir les 8 Cahiers<\/a><br \/>\n      <\/article>\n<p>      <!-- B1 --><\/p>\n<article class=\"level-card b1\">\n        <img decoding=\"async\" src=\"\/wp-content\/uploads\/booklet-ar-b1.jpg\" alt=\"Cahier Arabe B1\"><\/p>\n<h2>B1<\/h2>\n<p>Communication ind\u00e9pendante, conversations simples et construction de phrases.<\/p>\n<p>        <a href=\"\/arabic-course\/b1\" class=\"buy-btn\">Voir les 8 Cahiers<\/a><br \/>\n      <\/article>\n<p>      <!-- B2 --><\/p>\n<article class=\"level-card b2\">\n        <img decoding=\"async\" src=\"\/wp-content\/uploads\/booklet-ar-b2.jpg\" alt=\"Cahier Arabe B2\"><\/p>\n<h2>B2<\/h2>\n<p>Grammaire avanc\u00e9e, pr\u00e9cision d&#8217;expression et pr\u00e9sentations orales.<\/p>\n<p>        <a href=\"\/arabic-course\/b2\" class=\"buy-btn\">Voir les 8 Cahiers<\/a><br \/>\n      <\/article>\n<p>      <!-- C1 --><\/p>\n<article class=\"level-card c1\">\n        <img decoding=\"async\" src=\"\/wp-content\/uploads\/booklet-ar-c1.jpg\" alt=\"Cahier Arabe C1\"><\/p>\n<h2>C1<\/h2>\n<p>Langage acad\u00e9mique, vocabulaire avanc\u00e9 et compr\u00e9hension de textes complexes.<\/p>\n<p>        <a href=\"\/arabic-course\/c1\" class=\"buy-btn\">Voir les 8 Cahiers<\/a><br \/>\n      <\/article>\n<\/p><\/div>\n<\/p><\/div>\n<\/section>\n","protected":false},"excerpt":{"rendered":"<p>\ud83d\udcda Studies Planner \u2013 S\u00e9rie de Cahiers en Arabe Apprenez l\u2019arabe facilement et de mani\u00e8re structur\u00e9e. Choisissez votre niveau et explorez tous les cahiers disponibles (8 semaines par niveau). A1 Alphabet, mots et phrases de base, introduction \u00e0 la langue. Voir les 8 Cahiers A2 Expressions courantes, vocabulaire et grammaire de base. Voir les 8<a class=\"read-more\" href=\"https:\/\/studies-planner.com\/fr\/shop\/academic-subjects\/serie-de-cahiers-en-arabe\/\"> Read More&#8230;<\/a><\/p>\n","protected":false},"featured_media":0,"template":"","meta":{"_genesis_hide_title":false,"_genesis_hide_breadcrumbs":false,"_genesis_hide_singular_image":false,"_genesis_hide_footer_widgets":false,"_genesis_custom_body_class":"","_genesis_custom_post_class":"","_genesis_layout":""},"product_brand":[],"product_cat":[16],"product_tag":[],"class_list":{"0":"post-3082","1":"product","2":"type-product","3":"status-publish","5":"product_cat-academic-subjects","6":"entry","8":"first","9":"instock","10":"taxable","11":"shipping-taxable","12":"product-type-simple"},"_links":{"self":[{"href":"https:\/\/studies-planner.com\/fr\/wp-json\/wp\/v2\/product\/3082","targetHints":{"allow":["GET"]}}],"collection":[{"href":"https:\/\/studies-planner.com\/fr\/wp-json\/wp\/v2\/product"}],"about":[{"href":"https:\/\/studies-planner.com\/fr\/wp-json\/wp\/v2\/types\/product"}],"wp:attachment":[{"href":"https:\/\/studies-planner.com\/fr\/wp-json\/wp\/v2\/media?parent=3082"}],"wp:term":[{"taxonomy":"product_brand","embeddable":true,"href":"https:\/\/studies-planner.com\/fr\/wp-json\/wp\/v2\/product_brand?post=3082"},{"taxonomy":"product_cat","embeddable":true,"href":"https:\/\/studies-planner.com\/fr\/wp-json\/wp\/v2\/product_cat?post=3082"},{"taxonomy":"product_tag","embeddable":true,"href":"https:\/\/studies-planner.com\/fr\/wp-json\/wp\/v2\/product_tag?post=3082"}],"curies":[{"name":"wp","href":"https:\/\/api.w.org\/{rel}","templated":true}]}}