{"id":3071,"date":"2025-08-07T09:04:38","date_gmt":"2025-08-07T06:04:38","guid":{"rendered":"https:\/\/studies-planner.com\/shop\/non class\u00e9\/serie-de-cahiers-despagnol\/"},"modified":"2025-08-07T09:04:38","modified_gmt":"2025-08-07T06:04:38","slug":"serie-de-cahiers-despagnol","status":"publish","type":"product","link":"https:\/\/studies-planner.com\/fr\/shop\/academic-subjects\/serie-de-cahiers-despagnol\/","title":{"rendered":"S\u00e9rie de Cahiers d\u2019Espagnol"},"content":{"rendered":"<section class=\"studiesplanner-main\">\n<div class=\"container\">\n<h1>\ud83d\udcda Studies Planner \u2013 S\u00e9rie de Cahiers d\u2019Espagnol<\/h1>\n<p>Apprenez l\u2019espagnol facilement et de mani\u00e8re structur\u00e9e. Choisissez un niveau et d\u00e9couvrez les 8 cahiers disponibles (1 par semaine).<\/p>\n<div class=\"levels-wrapper\">\n<p>      <!-- A1 --><\/p>\n<article class=\"level-card a1\">\n        <img decoding=\"async\" src=\"\/wp-content\/uploads\/booklet-es-a1.jpg\" alt=\"Espagnol A1 Cahier\"><\/p>\n<h2>A1<\/h2>\n<p>Alphabet, expressions de base et vocabulaire quotidien.<\/p>\n<p>        <a href=\"\/fr\/spanish-course\/a1\" class=\"buy-btn\">Voir les 8 Cahiers<\/a><br \/>\n      <\/article>\n<p>      <!-- A2 --><\/p>\n<article class=\"level-card a2\">\n        <img decoding=\"async\" src=\"\/wp-content\/uploads\/booklet-es-a2.jpg\" alt=\"Espagnol A2 Cahier\"><\/p>\n<h2>A2<\/h2>\n<p>Expressions courantes, verbes essentiels et phrases simples.<\/p>\n<p>        <a href=\"\/fr\/spanish-course\/a2\" class=\"buy-btn\">Voir les 8 Cahiers<\/a><br \/>\n      <\/article>\n<p>      <!-- B1 --><\/p>\n<article class=\"level-card b1\">\n        <img decoding=\"async\" src=\"\/wp-content\/uploads\/booklet-es-b1.jpg\" alt=\"Espagnol B1 Cahier\"><\/p>\n<h2>B1<\/h2>\n<p>Communication autonome et construction de phrases complexes.<\/p>\n<p>        <a href=\"\/fr\/spanish-course\/b1\" class=\"buy-btn\">Voir les 8 Cahiers<\/a><br \/>\n      <\/article>\n<p>      <!-- B2 --><\/p>\n<article class=\"level-card b2\">\n        <img decoding=\"async\" src=\"\/wp-content\/uploads\/booklet-es-b2.jpg\" alt=\"Espagnol B2 Cahier\"><\/p>\n<h2>B2<\/h2>\n<p>Grammaire avanc\u00e9e, argumentation et discussions.<\/p>\n<p>        <a href=\"\/fr\/spanish-course\/b2\" class=\"buy-btn\">Voir les 8 Cahiers<\/a><br \/>\n      <\/article>\n<p>      <!-- C1 --><\/p>\n<article class=\"level-card c1\">\n        <img decoding=\"async\" src=\"\/wp-content\/uploads\/booklet-es-c1.jpg\" alt=\"Espagnol C1 Cahier\"><\/p>\n<h2>C1<\/h2>\n<p>Langue acad\u00e9mique, vocabulaire avanc\u00e9 et compr\u00e9hension \u00e9crite.<\/p>\n<p>        <a href=\"\/fr\/spanish-course\/c1\" class=\"buy-btn\">Voir les 8 Cahiers<\/a><br \/>\n      <\/article>\n<\/p><\/div>\n<\/p><\/div>\n<\/section>\n","protected":false},"excerpt":{"rendered":"<p>\ud83d\udcda Studies Planner \u2013 S\u00e9rie de Cahiers d\u2019Espagnol Apprenez l\u2019espagnol facilement et de mani\u00e8re structur\u00e9e. Choisissez un niveau et d\u00e9couvrez les 8 cahiers disponibles (1 par semaine). A1 Alphabet, expressions de base et vocabulaire quotidien. Voir les 8 Cahiers A2 Expressions courantes, verbes essentiels et phrases simples. Voir les 8 Cahiers B1 Communication autonome et<a class=\"read-more\" href=\"https:\/\/studies-planner.com\/fr\/shop\/academic-subjects\/serie-de-cahiers-despagnol\/\"> Read More&#8230;<\/a><\/p>\n","protected":false},"featured_media":0,"template":"","meta":{"_genesis_hide_title":false,"_genesis_hide_breadcrumbs":false,"_genesis_hide_singular_image":false,"_genesis_hide_footer_widgets":false,"_genesis_custom_body_class":"","_genesis_custom_post_class":"","_genesis_layout":""},"product_brand":[],"product_cat":[16],"product_tag":[],"class_list":{"0":"post-3071","1":"product","2":"type-product","3":"status-publish","5":"product_cat-academic-subjects","6":"entry","8":"first","9":"instock","10":"taxable","11":"shipping-taxable","12":"product-type-simple"},"_links":{"self":[{"href":"https:\/\/studies-planner.com\/fr\/wp-json\/wp\/v2\/product\/3071","targetHints":{"allow":["GET"]}}],"collection":[{"href":"https:\/\/studies-planner.com\/fr\/wp-json\/wp\/v2\/product"}],"about":[{"href":"https:\/\/studies-planner.com\/fr\/wp-json\/wp\/v2\/types\/product"}],"wp:attachment":[{"href":"https:\/\/studies-planner.com\/fr\/wp-json\/wp\/v2\/media?parent=3071"}],"wp:term":[{"taxonomy":"product_brand","embeddable":true,"href":"https:\/\/studies-planner.com\/fr\/wp-json\/wp\/v2\/product_brand?post=3071"},{"taxonomy":"product_cat","embeddable":true,"href":"https:\/\/studies-planner.com\/fr\/wp-json\/wp\/v2\/product_cat?post=3071"},{"taxonomy":"product_tag","embeddable":true,"href":"https:\/\/studies-planner.com\/fr\/wp-json\/wp\/v2\/product_tag?post=3071"}],"curies":[{"name":"wp","href":"https:\/\/api.w.org\/{rel}","templated":true}]}}