{"id":3092,"date":"2025-08-05T22:58:19","date_gmt":"2025-08-05T19:58:19","guid":{"rendered":"https:\/\/studies-planner.com\/shop\/unkategorisiert\/deutsche-heftreihe\/"},"modified":"2025-08-08T09:35:55","modified_gmt":"2025-08-08T06:35:55","slug":"deutsche-heftreihe","status":"publish","type":"product","link":"https:\/\/studies-planner.com\/de\/shop\/academic-subjects\/deutsche-heftreihe\/","title":{"rendered":"Deutsche Heftreihe"},"content":{"rendered":"<section class=\"studiesplanner-main\">\n<div class=\"container\">\n<h1>\ud83d\udcda Studienplaner \u2013 Deutsche Heftreihe<\/h1>\n<p>Beginne noch heute mit dem Deutschlernen. W\u00e4hle dein Niveau und entdecke alle verf\u00fcgbaren Hefte (8 Wochen pro Niveau).<\/p>\n<div class=\"levels-wrapper\">\n<p>      <!-- A1 --><\/p>\n<article class=\"level-card a1\">\n        <img decoding=\"async\" src=\"\/wp-content\/uploads\/booklet-a1.jpg\" alt=\"Niveau A1\"><\/p>\n<h2>A1<\/h2>\n<p>Grundkenntnisse, Wortschatz und Grammatik f\u00fcr Anf\u00e4nger.<\/p>\n<p>        <a href=\"\/german-course\/a1\" class=\"buy-btn\">Zu den 8 Heften<\/a><br \/>\n      <\/article>\n<p>      <!-- A2 --><\/p>\n<article class=\"level-card a2\">\n        <img decoding=\"async\" src=\"\/wp-content\/uploads\/booklet-a2.jpg\" alt=\"Niveau A2\"><\/p>\n<h2>A2<\/h2>\n<p>Alltagskommunikation und Vergangenheitsformen.<\/p>\n<p>        <a href=\"\/german-course\/a2\" class=\"buy-btn\">Zu den 8 Heften<\/a><br \/>\n      <\/article>\n<p>      <!-- B1 --><\/p>\n<article class=\"level-card b1\">\n        <img decoding=\"async\" src=\"\/wp-content\/uploads\/booklet-b1.jpg\" alt=\"Niveau B1\"><\/p>\n<h2>B1<\/h2>\n<p>Unabh\u00e4ngige Kommunikation und komplexe Satzstrukturen.<\/p>\n<p>        <a href=\"\/german-course\/b1\" class=\"buy-btn\">Zu den 8 Heften<\/a><br \/>\n      <\/article>\n<p>      <!-- B2 --><\/p>\n<article class=\"level-card b2\">\n        <img decoding=\"async\" src=\"\/wp-content\/uploads\/booklet-b2.jpg\" alt=\"Niveau B2\"><\/p>\n<h2>B2<\/h2>\n<p>Akademisches Niveau, Debatten und Textverfassung.<\/p>\n<p>        <a href=\"\/german-course\/b2\" class=\"buy-btn\">Zu den 8 Heften<\/a><br \/>\n      <\/article>\n<p>      <!-- C1 --><\/p>\n<article class=\"level-card c1\">\n        <img decoding=\"async\" src=\"\/wp-content\/uploads\/booklet-c1.jpg\" alt=\"Niveau C1\"><\/p>\n<h2>C1<\/h2>\n<p>Universit\u00e4tsvorbereitung und fortgeschrittener Wortschatz.<\/p>\n<p>        <a href=\"\/german-course\/c1\" class=\"buy-btn\">Zu den 8 Heften<\/a><br \/>\n      <\/article>\n<\/p><\/div>\n<\/p><\/div>\n<\/section>\n<style>\n.studiesplanner-main {\n  font-family: Arial, sans-serif;\n  background: #f8f9fa;\n  padding: 40px 20px;\n  max-width: 1200px;\n  margin: auto;\n  text-align: center;\n}\n.levels-wrapper {\n  display: flex;\n  flex-wrap: wrap;\n  justify-content: center;\n  gap: 20px;\n}\n.level-card {\n  width: 220px;\n  background: #fff;\n  border-radius: 10px;\n  padding: 15px;\n  box-shadow: 0 2px 6px rgba(0,0,0,0.1);\n  transition: transform 0.3s ease;\n}\n.level-card:hover {\n  transform: translateY(-5px);\n}\n.level-card img {\n  width: 100%;\n  border-radius: 5px;\n}\n.level-card h2 {\n  margin: 10px 0;\n}\n.buy-btn {\n  display: inline-block;\n  background: #ffcc00;\n  color: #000;\n  padding: 10px 20px;\n  text-decoration: none;\n  border-radius: 5px;\n  font-weight: bold;\n}\n.buy-btn:hover {\n  background: #e6b800;\n}\n\/* Farben nach Niveau *\/\n.a1 { border-top: 5px solid #28a745; }\n.a2 { border-top: 5px solid #007bff; }\n.b1 { border-top: 5px solid #ffc107; }\n.b2 { border-top: 5px solid #fd7e14; }\n.c1 { border-top: 5px solid #dc3545; }<\/p>\n<p>@media (max-width: 768px) {\n  .level-card {\n    width: 100%;\n  }\n}\n<\/style>\n","protected":false},"excerpt":{"rendered":"<p>\ud83d\udcda Studienplaner \u2013 Deutsche Heftreihe Beginne noch heute mit dem Deutschlernen. W\u00e4hle dein Niveau und entdecke alle verf\u00fcgbaren Hefte (8 Wochen pro Niveau). A1 Grundkenntnisse, Wortschatz und Grammatik f\u00fcr Anf\u00e4nger. Zu den 8 Heften A2 Alltagskommunikation und Vergangenheitsformen. Zu den 8 Heften B1 Unabh\u00e4ngige Kommunikation und komplexe Satzstrukturen. Zu den 8 Heften B2 Akademisches Niveau,<a class=\"read-more\" href=\"https:\/\/studies-planner.com\/de\/shop\/academic-subjects\/deutsche-heftreihe\/\"> Read More&#8230;<\/a><\/p>\n","protected":false},"featured_media":0,"template":"","meta":{"_genesis_hide_title":false,"_genesis_hide_breadcrumbs":false,"_genesis_hide_singular_image":false,"_genesis_hide_footer_widgets":false,"_genesis_custom_body_class":"","_genesis_custom_post_class":"","_genesis_layout":""},"product_brand":[],"product_cat":[16],"product_tag":[],"class_list":{"0":"post-3092","1":"product","2":"type-product","3":"status-publish","5":"product_cat-academic-subjects","6":"entry","8":"first","9":"instock","10":"taxable","11":"shipping-taxable","12":"product-type-simple"},"_links":{"self":[{"href":"https:\/\/studies-planner.com\/de\/wp-json\/wp\/v2\/product\/3092","targetHints":{"allow":["GET"]}}],"collection":[{"href":"https:\/\/studies-planner.com\/de\/wp-json\/wp\/v2\/product"}],"about":[{"href":"https:\/\/studies-planner.com\/de\/wp-json\/wp\/v2\/types\/product"}],"wp:attachment":[{"href":"https:\/\/studies-planner.com\/de\/wp-json\/wp\/v2\/media?parent=3092"}],"wp:term":[{"taxonomy":"product_brand","embeddable":true,"href":"https:\/\/studies-planner.com\/de\/wp-json\/wp\/v2\/product_brand?post=3092"},{"taxonomy":"product_cat","embeddable":true,"href":"https:\/\/studies-planner.com\/de\/wp-json\/wp\/v2\/product_cat?post=3092"},{"taxonomy":"product_tag","embeddable":true,"href":"https:\/\/studies-planner.com\/de\/wp-json\/wp\/v2\/product_tag?post=3092"}],"curies":[{"name":"wp","href":"https:\/\/api.w.org\/{rel}","templated":true}]}}