{"id":3084,"date":"2025-08-07T08:49:32","date_gmt":"2025-08-07T05:49:32","guid":{"rendered":"https:\/\/studies-planner.com\/shop\/unkategorisiert\/arabische-heftreihe\/"},"modified":"2025-08-07T08:49:32","modified_gmt":"2025-08-07T05:49:32","slug":"arabische-heftreihe","status":"publish","type":"product","link":"https:\/\/studies-planner.com\/de\/shop\/academic-subjects\/arabische-heftreihe\/","title":{"rendered":"Arabische Heftreihe"},"content":{"rendered":"<section class=\"studiesplanner-main\">\n<div class=\"container\">\n<h1>\ud83d\udcda Studienplaner \u2013 Arabische Heftreihe<\/h1>\n<p>Lerne Arabisch einfach und strukturiert. W\u00e4hle dein Niveau und entdecke alle verf\u00fcgbaren Hefte (8 Wochen pro Niveau).<\/p>\n<div class=\"levels-wrapper\">\n<p>      <!-- A1 --><\/p>\n<article class=\"level-card a1\">\n        <img decoding=\"async\" src=\"\/wp-content\/uploads\/booklet-ar-a1.jpg\" alt=\"Arabisch A1 Heft\"><\/p>\n<h2>A1<\/h2>\n<p>Alphabet, grundlegende W\u00f6rter und S\u00e4tze, Einf\u00fchrung in die Sprache.<\/p>\n<p>        <a href=\"\/arabic-course\/a1\" class=\"buy-btn\">Sieh dir die 8 Hefte an<\/a><br \/>\n      <\/article>\n<p>      <!-- A2 --><\/p>\n<article class=\"level-card a2\">\n        <img decoding=\"async\" src=\"\/wp-content\/uploads\/booklet-ar-a2.jpg\" alt=\"Arabisch A2 Heft\"><\/p>\n<h2>A2<\/h2>\n<p>Allt\u00e4gliche Ausdr\u00fccke, Wortschatz und grundlegende Grammatik.<\/p>\n<p>        <a href=\"\/arabic-course\/a2\" class=\"buy-btn\">Sieh dir die 8 Hefte an<\/a><br \/>\n      <\/article>\n<p>      <!-- B1 --><\/p>\n<article class=\"level-card b1\">\n        <img decoding=\"async\" src=\"\/wp-content\/uploads\/booklet-ar-b1.jpg\" alt=\"Arabisch B1 Heft\"><\/p>\n<h2>B1<\/h2>\n<p>Selbstst\u00e4ndige Kommunikation, einfache Gespr\u00e4che und Satzbildung.<\/p>\n<p>        <a href=\"\/arabic-course\/b1\" class=\"buy-btn\">Sieh dir die 8 Hefte an<\/a><br \/>\n      <\/article>\n<p>      <!-- B2 --><\/p>\n<article class=\"level-card b2\">\n        <img decoding=\"async\" src=\"\/wp-content\/uploads\/booklet-ar-b2.jpg\" alt=\"Arabisch B2 Heft\"><\/p>\n<h2>B2<\/h2>\n<p>Komplexe Grammatik, pr\u00e4zise Ausdrucksweise und m\u00fcndliche Pr\u00e4sentationen.<\/p>\n<p>        <a href=\"\/arabic-course\/b2\" class=\"buy-btn\">Sieh dir die 8 Hefte an<\/a><br \/>\n      <\/article>\n<p>      <!-- C1 --><\/p>\n<article class=\"level-card c1\">\n        <img decoding=\"async\" src=\"\/wp-content\/uploads\/booklet-ar-c1.jpg\" alt=\"Arabisch C1 Heft\"><\/p>\n<h2>C1<\/h2>\n<p>Akademische Sprache, fortgeschrittener Wortschatz und Verst\u00e4ndnis komplexer Texte.<\/p>\n<p>        <a href=\"\/arabic-course\/c1\" class=\"buy-btn\">Sieh dir die 8 Hefte an<\/a><br \/>\n      <\/article>\n<\/p><\/div>\n<\/p><\/div>\n<\/section>\n","protected":false},"excerpt":{"rendered":"<p>\ud83d\udcda Studienplaner \u2013 Arabische Heftreihe Lerne Arabisch einfach und strukturiert. W\u00e4hle dein Niveau und entdecke alle verf\u00fcgbaren Hefte (8 Wochen pro Niveau). A1 Alphabet, grundlegende W\u00f6rter und S\u00e4tze, Einf\u00fchrung in die Sprache. Sieh dir die 8 Hefte an A2 Allt\u00e4gliche Ausdr\u00fccke, Wortschatz und grundlegende Grammatik. Sieh dir die 8 Hefte an B1 Selbstst\u00e4ndige Kommunikation, einfache<a class=\"read-more\" href=\"https:\/\/studies-planner.com\/de\/shop\/academic-subjects\/arabische-heftreihe\/\"> Read More&#8230;<\/a><\/p>\n","protected":false},"featured_media":0,"template":"","meta":{"_genesis_hide_title":false,"_genesis_hide_breadcrumbs":false,"_genesis_hide_singular_image":false,"_genesis_hide_footer_widgets":false,"_genesis_custom_body_class":"","_genesis_custom_post_class":"","_genesis_layout":""},"product_brand":[],"product_cat":[16],"product_tag":[],"class_list":{"0":"post-3084","1":"product","2":"type-product","3":"status-publish","5":"product_cat-academic-subjects","6":"entry","8":"first","9":"instock","10":"taxable","11":"shipping-taxable","12":"product-type-simple"},"_links":{"self":[{"href":"https:\/\/studies-planner.com\/de\/wp-json\/wp\/v2\/product\/3084","targetHints":{"allow":["GET"]}}],"collection":[{"href":"https:\/\/studies-planner.com\/de\/wp-json\/wp\/v2\/product"}],"about":[{"href":"https:\/\/studies-planner.com\/de\/wp-json\/wp\/v2\/types\/product"}],"wp:attachment":[{"href":"https:\/\/studies-planner.com\/de\/wp-json\/wp\/v2\/media?parent=3084"}],"wp:term":[{"taxonomy":"product_brand","embeddable":true,"href":"https:\/\/studies-planner.com\/de\/wp-json\/wp\/v2\/product_brand?post=3084"},{"taxonomy":"product_cat","embeddable":true,"href":"https:\/\/studies-planner.com\/de\/wp-json\/wp\/v2\/product_cat?post=3084"},{"taxonomy":"product_tag","embeddable":true,"href":"https:\/\/studies-planner.com\/de\/wp-json\/wp\/v2\/product_tag?post=3084"}],"curies":[{"name":"wp","href":"https:\/\/api.w.org\/{rel}","templated":true}]}}