{"id":3072,"date":"2025-08-07T09:04:38","date_gmt":"2025-08-07T06:04:38","guid":{"rendered":"https:\/\/studies-planner.com\/shop\/unkategorisiert\/spanische-heftreihe\/"},"modified":"2025-08-07T09:04:38","modified_gmt":"2025-08-07T06:04:38","slug":"spanische-heftreihe","status":"publish","type":"product","link":"https:\/\/studies-planner.com\/de\/shop\/academic-subjects\/spanische-heftreihe\/","title":{"rendered":"Spanische Heftreihe"},"content":{"rendered":"<section class=\"studiesplanner-main\">\n<div class=\"container\">\n<h1>\ud83d\udcda Studies Planner \u2013 Spanische Heftreihe<\/h1>\n<p>Lerne Spanisch einfach und strukturiert. W\u00e4hle dein Niveau und entdecke alle verf\u00fcgbaren Booklets (8 Wochen pro Niveau).<\/p>\n<div class=\"levels-wrapper\">\n<p>      <!-- A1 --><\/p>\n<article class=\"level-card a1\">\n        <img decoding=\"async\" src=\"\/wp-content\/uploads\/booklet-es-a1.jpg\" alt=\"Spanisch A1 Heft\"><\/p>\n<h2>A1<\/h2>\n<p>Alphabet, grundlegende Ausdr\u00fccke und allt\u00e4glicher Wortschatz.<\/p>\n<p>        <a href=\"\/de\/spanish-course\/a1\" class=\"buy-btn\">Alle 8 Booklets ansehen<\/a><br \/>\n      <\/article>\n<p>      <!-- A2 --><\/p>\n<article class=\"level-card a2\">\n        <img decoding=\"async\" src=\"\/wp-content\/uploads\/booklet-es-a2.jpg\" alt=\"Spanisch A2 Heft\"><\/p>\n<h2>A2<\/h2>\n<p>Allt\u00e4gliche Redewendungen, wichtige Verben und einfache S\u00e4tze.<\/p>\n<p>        <a href=\"\/de\/spanish-course\/a2\" class=\"buy-btn\">Alle 8 Booklets ansehen<\/a><br \/>\n      <\/article>\n<p>      <!-- B1 --><\/p>\n<article class=\"level-card b1\">\n        <img decoding=\"async\" src=\"\/wp-content\/uploads\/booklet-es-b1.jpg\" alt=\"Spanisch B1 Heft\"><\/p>\n<h2>B1<\/h2>\n<p>Selbstst\u00e4ndige Kommunikation und komplexe Satzbildung.<\/p>\n<p>        <a href=\"\/de\/spanish-course\/b1\" class=\"buy-btn\">Alle 8 Booklets ansehen<\/a><br \/>\n      <\/article>\n<p>      <!-- B2 --><\/p>\n<article class=\"level-card b2\">\n        <img decoding=\"async\" src=\"\/wp-content\/uploads\/booklet-es-b2.jpg\" alt=\"Spanisch B2 Heft\"><\/p>\n<h2>B2<\/h2>\n<p>Fortgeschrittene Grammatik, Argumentation und Diskussionen.<\/p>\n<p>        <a href=\"\/de\/spanish-course\/b2\" class=\"buy-btn\">Alle 8 Booklets ansehen<\/a><br \/>\n      <\/article>\n<p>      <!-- C1 --><\/p>\n<article class=\"level-card c1\">\n        <img decoding=\"async\" src=\"\/wp-content\/uploads\/booklet-es-c1.jpg\" alt=\"Spanisch C1 Heft\"><\/p>\n<h2>C1<\/h2>\n<p>Akademische Sprache, fortgeschrittener Wortschatz und Textverst\u00e4ndnis.<\/p>\n<p>        <a href=\"\/de\/spanish-course\/c1\" class=\"buy-btn\">Alle 8 Booklets ansehen<\/a><br \/>\n      <\/article>\n<\/p><\/div>\n<\/p><\/div>\n<\/section>\n","protected":false},"excerpt":{"rendered":"<p>\ud83d\udcda Studies Planner \u2013 Spanische Heftreihe Lerne Spanisch einfach und strukturiert. W\u00e4hle dein Niveau und entdecke alle verf\u00fcgbaren Booklets (8 Wochen pro Niveau). A1 Alphabet, grundlegende Ausdr\u00fccke und allt\u00e4glicher Wortschatz. Alle 8 Booklets ansehen A2 Allt\u00e4gliche Redewendungen, wichtige Verben und einfache S\u00e4tze. Alle 8 Booklets ansehen B1 Selbstst\u00e4ndige Kommunikation und komplexe Satzbildung. Alle 8 Booklets<a class=\"read-more\" href=\"https:\/\/studies-planner.com\/de\/shop\/academic-subjects\/spanische-heftreihe\/\"> Read More&#8230;<\/a><\/p>\n","protected":false},"featured_media":0,"template":"","meta":{"_genesis_hide_title":false,"_genesis_hide_breadcrumbs":false,"_genesis_hide_singular_image":false,"_genesis_hide_footer_widgets":false,"_genesis_custom_body_class":"","_genesis_custom_post_class":"","_genesis_layout":""},"product_brand":[],"product_cat":[16],"product_tag":[],"class_list":{"0":"post-3072","1":"product","2":"type-product","3":"status-publish","5":"product_cat-academic-subjects","6":"entry","8":"first","9":"instock","10":"taxable","11":"shipping-taxable","12":"product-type-simple"},"_links":{"self":[{"href":"https:\/\/studies-planner.com\/de\/wp-json\/wp\/v2\/product\/3072","targetHints":{"allow":["GET"]}}],"collection":[{"href":"https:\/\/studies-planner.com\/de\/wp-json\/wp\/v2\/product"}],"about":[{"href":"https:\/\/studies-planner.com\/de\/wp-json\/wp\/v2\/types\/product"}],"wp:attachment":[{"href":"https:\/\/studies-planner.com\/de\/wp-json\/wp\/v2\/media?parent=3072"}],"wp:term":[{"taxonomy":"product_brand","embeddable":true,"href":"https:\/\/studies-planner.com\/de\/wp-json\/wp\/v2\/product_brand?post=3072"},{"taxonomy":"product_cat","embeddable":true,"href":"https:\/\/studies-planner.com\/de\/wp-json\/wp\/v2\/product_cat?post=3072"},{"taxonomy":"product_tag","embeddable":true,"href":"https:\/\/studies-planner.com\/de\/wp-json\/wp\/v2\/product_tag?post=3072"}],"curies":[{"name":"wp","href":"https:\/\/api.w.org\/{rel}","templated":true}]}}