{"id":1342,"date":"2019-06-20T11:57:32","date_gmt":"2019-06-20T11:57:32","guid":{"rendered":"https:\/\/lab.bluecloudnet.com\/?page_id=1342"},"modified":"2022-04-28T16:47:23","modified_gmt":"2022-04-28T13:47:23","slug":"terms-conditions","status":"publish","type":"page","link":"https:\/\/studies-planner.com\/de\/terms-conditions\/","title":{"rendered":"Terms &#038; Conditions"},"content":{"rendered":"\n<!-- This legal document was generated by Complianz Terms &amp; Conditions https:\/\/wordpress.org\/plugins\/complianz-terms-conditions -->\n<div id=\"cmplz-document\" class=\"cmplz-document cmplz-terms-conditions \"><p><i>Die Allgemeinen Gesch\u00e4ftsbedingungen wurden zuletzt am Februar 28, 2024 aktualisiert<\/i><\/p><h2>1. Einf\u00fchrung<\/h2><p>Diese Allgemeinen Gesch\u00e4ftsbedingungen gelten f\u00fcr diese Website und f\u00fcr die Transaktionen im Zusammenhang mit unseren Produkten und Dienstleistungen.&nbsp;Du bist m\u00f6glicherweise an zus\u00e4tzliche Vertr\u00e4ge gebunden, die sich auf deine Beziehung zu uns oder auf Produkte oder Dienstleistungen beziehen, die du von uns erh\u00e4ltst.&nbsp;Wenn Bestimmungen der Zusatzvertr\u00e4ge mit Bestimmungen dieser Bedingungen in Konflikt stehen, haben die Bestimmungen dieser Zusatzvertr\u00e4ge Vorrang.<\/p><h2>2. Verbindlichkeit<\/h2><p>Durch die Registrierung, den Zugriff auf oder die anderweitige Nutzung dieser Website erkl\u00e4rst du dich hiermit einverstanden, an diese unten aufgef\u00fchrten Allgemeinen Gesch\u00e4ftsbedingungen gebunden zu sein.&nbsp;Die blo\u00dfe Nutzung dieser Website setzt die Kenntnis und Akzeptanz dieser Allgemeinen Gesch\u00e4ftsbedingungen voraus.&nbsp;In bestimmten F\u00e4llen k\u00f6nnen wir dich auch bitten, ausdr\u00fccklich zuzustimmen.<\/p><h2>3. Geistiges Eigentum<\/h2><p>Wir oder unsere Lizenzgeber besitzen und kontrollieren alle Urheberrechte und sonstigen Rechte an geistigem Eigentum auf der Website sowie die Daten, Informationen und sonstigen Ressourcen, die auf der Website angezeigt werden oder auf der Website zug\u00e4nglich ist.<\/p><p class=\"cmplz-subtitle\">3.1 Creative Commons<\/p><p>Der Inhalt dieser Website ist unter einer -Lizenz verf\u00fcgbar, sofern nicht anders angegeben.<\/p><h2>4. Eigentum Drittanbieter<\/h2><p>Unsere Website kann Hyperlinks oder andere Verweise auf Websites anderer Parteien enthalten.&nbsp;Wir \u00fcberwachen oder \u00fcberpr\u00fcfen nicht den Inhalt der Websites anderer Parteien, auf die von dieser Website aus verwiesen wird.&nbsp;Produkte oder Dienstleistungen, die von anderen Websites angeboten werden, unterliegen den Allgemeinen Gesch\u00e4ftsbedingungen dieser Dritten.&nbsp;Auf diesen Websites ge\u00e4u\u00dferte Meinungen oder Materialien werden von uns nicht unbedingt geteilt oder unterst\u00fctzt.<\/p><p>Wir sind nicht verantwortlich f\u00fcr Datenschutzpraktiken oder Inhalte dieser Websites.&nbsp;Du tr\u00e4gst alle Risiken, die mit der Nutzung dieser Websites und damit verbundener Dienste Dritter verbunden sind.&nbsp;Wir \u00fcbernehmen keine Verantwortung f\u00fcr Verluste oder Sch\u00e4den jeglicher Art, die sich aus deiner Weitergabe personenbezogener Daten an Dritte ergeben.<\/p><h2>5. Verantwortungsbewusster Umgang<\/h2><p>Durch den Besuch unserer Website erkl\u00e4rst du dich damit einverstanden, diese nur f\u00fcr die Zwecke zu verwenden, die durch diese Bedingungen, zus\u00e4tzliche Vertr\u00e4ge mit uns sowie geltende Gesetze, Vorschriften und allgemein anerkannte Online-Praktiken und Branchenrichtlinien beabsichtigt und gestattet sind.&nbsp;Du darfst unsere Website oder Dienste nicht verwenden, um Material zu verwenden, zu ver\u00f6ffentlichen oder zu verbreiten, das aus b\u00f6sartiger Computersoftware besteht (oder mit dieser verlinkt ist). Verwende die auf unserer Website gesammelten Daten f\u00fcr Direktmarketingaktivit\u00e4ten oder f\u00fchre systematische oder automatisierte Datenerfassungsaktivit\u00e4ten auf oder in Bezug auf unsere Website durch.<\/p><p>Die Teilnahme an Aktivit\u00e4ten, die Sch\u00e4den an der Website verursachen oder verursachen k\u00f6nnen oder die Leistung, Verf\u00fcgbarkeit oder Zug\u00e4nglichkeit der Website beeintr\u00e4chtigen, ist strengstens untersagt.<\/p><h2>6. R\u00fcckerstattungs- und R\u00fcckgaberecht<\/h2><p class=\"cmplz-subtitle\">6.1 Recht des Widerrufs<\/p><p>Du hast das Recht, innerhalb von 14 Tagen ohne Angabe von Gr\u00fcnden von diesem Vertrag zur\u00fcckzutreten.<\/p><p>Um das Widerrufsrecht auszu\u00fcben, musst du uns deine Entscheidung zum R\u00fccktritt von diesem Vertrag durch eine eindeutige Erkl\u00e4rung (z. B. einen Brief per Post, Fax oder E-Mail) mitteilen.&nbsp;Unsere Kontaktdaten findest du unten.&nbsp;You may use the attached model <a target=\"_blank\" href=\"https:\/\/studies-planner.com\/wp-content\/uploads\/complianz\/withdrawal-forms\/withdrawal-form-de.pdf\">withdrawal form<\/a>, but it is not obligatory.<\/p><p>You can also electronically fill in and submit the model withdrawal form or any other unequivocal statement on our <a href=\"https:\/\/studies-planner.com\/de\/contact\/\"> website<\/a>.<\/p><p>Wenn du diese Option nutzt, werden wir dir unverz\u00fcglich eine Empfangsbest\u00e4tigung \u00fcber einen solchen Widerruf auf einem dauerhaften Medium (z. B. per E-Mail) \u00fcbermitteln.<\/p><p>Um die Widerrufsfrist einzuhalten, reicht es aus, dass du deine Mitteilung \u00fcber die Aus\u00fcbung des Widerrufsrechts vor Ablauf der Widerrufsfrist absendest.<\/p><p class=\"cmplz-subtitle\">6.2 Auswirkungen des Widerrufs<\/p><p>Wenn du von diesem Vertrag zur\u00fccktrittst, erstatten wir dir alle von dir erhaltenen Zahlungen, einschlie\u00dflich der Lieferkosten (mit Ausnahme der zus\u00e4tzlichen Kosten, die sich aus deiner Wahl einer anderen Lieferart als der von dir angebotenen kosteng\u00fcnstigsten Standardlieferungsart ergibt), unverz\u00fcglich und in jedem Fall sp\u00e4testens 14 Tage ab dem Tag, an dem wir \u00fcber deine Entscheidung zum R\u00fccktritt von diesem Vertrag informiert werden.&nbsp;Wir werden diese Erstattung mit denselben Zahlungsmitteln durchf\u00fchren, die du f\u00fcr die urspr\u00fcngliche Transaktion verwendet hast, sofern du nicht ausdr\u00fccklich etwas anderes vereinbart hattest. In jedem Fall fallen f\u00fcr diese Erstattung keine Geb\u00fchren an. <\/p><p>Du haftest nur f\u00fcr Wertminderungen der Waren, die sich aus der Handhabung ergeben, die nicht zur Feststellung der Art, der Merkmale und der Funktionsweise der Waren erforderlich sind.<\/p><p>Bitte beachte, dass es einige gesetzliche Ausnahmen vom Widerrufsrecht gibt und einige Artikel daher nicht zur\u00fcckgegeben oder umgetauscht werden k\u00f6nnen.&nbsp;Wir werden dich informieren, wenn dies in deinem speziellen Fall zutrifft.<\/p><h2>7. Ideeneinreichung<\/h2><p>Reiche keine Ideen, Erfindungen, Werke der Urheberschaft oder andere Informationen ein, die als dein eigenes geistiges Eigentum angesehen werden k\u00f6nnen und welche du uns pr\u00e4sentieren m\u00f6chtest, es sei denn, wir haben zuvor eine Vereinbarung \u00fcber das geistige Eigentum oder eine Geheimhaltungsvereinbarung unterzeichnet.&nbsp;Wenn du uns dies ohne eine solche schriftliche Vereinbarung mitteilst, gew\u00e4hrst du uns eine weltweite, unwiderrufliche, nicht exklusive, lizenzgeb\u00fchrenfreie Lizenz zur Nutzung, Reproduktion, Speicherung, Anpassung, Ver\u00f6ffentlichung, \u00dcbersetzung und Verbreitung deiner Inhalte in bestehenden oder zuk\u00fcnftigen Medien .<\/p><h2>8. Beendigung der Nutzung<\/h2><p>Wir k\u00f6nnen nach eigenem Ermessen den Zugriff auf die Website oder einen darauf befindlichen Service jederzeit vor\u00fcbergehend oder dauerhaft \u00e4ndern oder einstellen.&nbsp;Du erkl\u00e4rst dich damit einverstanden, dass wir weder dir noch Dritten gegen\u00fcber f\u00fcr solche \u00c4nderungen, Aussetzungen oder Unterbrechungen deines Zugriffs auf oder deiner Nutzung der Website oder von Inhalten, die dich m\u00f6glicherweise auf der Website geteilt haben, haften.&nbsp;Du hast keinen Anspruch auf Entsch\u00e4digung oder sonstige Zahlung, selbst wenn bestimmte Funktionen, Einstellungen und\/oder Inhalte, die du beigesteuert hast oder auf die du dich verl\u00e4sst, dauerhaft verloren gehen.&nbsp;Du darfst keine Zugriffsbeschr\u00e4nkungsma\u00dfnahmen auf unserer Website umgehen oder versuchen, sie zu umgehen.<\/p><h2>9. Garantien und Haftung<\/h2><p>Durch nichts in diesem Abschnitt wird eine gesetzlich implizierte Garantie eingeschr\u00e4nkt oder ausgeschlossen, deren Einschr\u00e4nkung oder Ausschluss rechtswidrig w\u00e4re.&nbsp;Diese Website und alle Inhalte der Website werden \"wie sie sind\" und \"wie verf\u00fcgbar\" bereitgestellt und k\u00f6nnen Ungenauigkeiten oder Tippfehler enthalten.&nbsp;Wir lehnen ausdr\u00fccklich jegliche ausdr\u00fcckliche oder stillschweigende Gew\u00e4hrleistung jeglicher Art hinsichtlich der Verf\u00fcgbarkeit, Richtigkeit oder Vollst\u00e4ndigkeit des Inhalts ab.&nbsp;Wir \u00fcbernehmen keine Garantie daf\u00fcr, dass:<\/p><p>Die folgenden Bestimmungen dieses Abschnitts gelten im gesetzlich zul\u00e4ssigen H\u00f6chstma\u00df und schr\u00e4nken unsere Haftung in Bezug auf Angelegenheiten, die f\u00fcr uns rechtswidrig oder rechtswidrig w\u00e4ren, unsere Haftung einzuschr\u00e4nken oder auszuschlie\u00dfen, nicht ein oder aus.&nbsp;In keinem Fall haften wir f\u00fcr direkte oder indirekte Sch\u00e4den (einschlie\u00dflich Sch\u00e4den f\u00fcr entgangenen Gewinn oder Umsatz, Verlust oder Besch\u00e4digung von Daten, Software oder Datenbank oder Verlust oder Besch\u00e4digung von Eigentum oder Daten), die dir oder Drittparteien entstehen, die sich aus deinem Zugriff auf oder deiner Nutzung unserer Website ergibt.<\/p><h2>10. Privatsph\u00e4re<\/h2><p>Um auf unsere Website und\/oder Dienstleistungen zugreifen zu k\u00f6nnen, musst du im Rahmen des Registrierungsprozesses m\u00f6glicherweise bestimmte Informationen \u00fcber dich selbst angeben.&nbsp;Du stimmst zu, dass alle von dir angegebenen Informationen immer genau, korrekt und aktuell sind.<\/p><p>Wir haben eine Richtlinie entwickelt, um eventuelle Datenschutzbedenken auszur\u00e4umen.&nbsp;For more information, please see our <a href=\"\">Privacy Statement<\/a> and our <a href=\"\">Cookie Policy<\/a>.<\/p><h2>11. Exportbeschr\u00e4nkungen \/ Einhaltung von Gesetzen<\/h2><p>Der Zugriff auf die Website aus Gebieten oder L\u00e4ndern, in denen der Inhalt oder Kauf der auf der Website verkauften Produkte oder Dienstleistungen illegal ist, ist verboten.&nbsp;Du darfst diese Website nicht unter Versto\u00df gegen die Exportgesetze und -bestimmungen von  verwenden.<\/p><h2>12. Zuordnung<\/h2><p>Ohne unsere vorherige schriftliche Zustimmung darfst du deine Rechte und\/oder Pflichten aus diesen Gesch\u00e4ftsbedingungen weder ganz noch teilweise an Dritte abtreten, \u00fcbertragen oder an Dritte weitergeben.&nbsp;Jede angebliche Abtretung, die gegen diesen Abschnitt verst\u00f6\u00dft, ist nichtig.<\/p><h2>13. Verst\u00f6\u00dfe gegen diese Allgemeinen Gesch\u00e4ftsbedingungen<\/h2><p>Ungeachtet unserer anderen Rechte aus diesen Allgemeinen Gesch\u00e4ftsbedingungen k\u00f6nnen wir, wenn du in irgendeiner Weise gegen diese Allgemeinen Gesch\u00e4ftsbedingungen verst\u00f6\u00dft, Ma\u00dfnahmen ergreifen, die wir f\u00fcr angemessen halten, um den Versto\u00df zu behandeln, einschlie\u00dflich der vor\u00fcbergehenden oder dauerhaften Sperrung deines Zugriffs auf die Website und mit der Kontaktaufnahme deines Internetdienstanbieter mit der Aufforderung deinen Zugang zur Website zu sperren und\/oder rechtliche Schritte gegen dich einzuleiten.<\/p><h2>14. Entsch\u00e4digung<\/h2><p>Du erkl\u00e4rst dich damit einverstanden, uns von s\u00e4mtlichen Anspr\u00fcchen, Verbindlichkeiten, Sch\u00e4den, Verlusten und Kosten im Zusammenhang mit deiner Verletzung dieser Allgemeinen Gesch\u00e4ftsbedingungen und der geltenden Gesetze, einschlie\u00dflich geistiger Eigentumsrechte und Datenschutzrechte, freizustellen, zu verteidigen und schadlos zu halten.&nbsp;Du wirst uns unverz\u00fcglich unsere Sch\u00e4den, Verluste, Kosten und Aufwendungen im Zusammenhang mit oder aus solchen Anspr\u00fcchen erstatten.<\/p><h2>15. Verzicht<\/h2><p>Das Vers\u00e4umnis, eine der Bestimmungen dieser Allgemeinen Gesch\u00e4ftsbedingungen und einer Vereinbarung durchzusetzen, oder das Vers\u00e4umnis, eine K\u00fcndigungsoption auszu\u00fcben, gilt nicht als Verzicht auf diese Bestimmungen und ber\u00fchrt nicht die G\u00fcltigkeit dieser Allgemeinen Gesch\u00e4ftsbedingungen oder einer dieser Vereinbarungen oder ein Teil davon oder das Recht danach, jede einzelne Bestimmung durchzusetzen.<\/p><h2>16. Sprache<\/h2><p>Diese Allgemeinen Gesch\u00e4ftsbedingungen werden ausschlie\u00dflich in Englisch interpretiert und ausgelegt.&nbsp;Alle Mitteilungen und Korrespondenzen werden ausschlie\u00dflich in dieser Sprache verfasst.<\/p><h2>17. Komplette Vereinbarung<\/h2><p>These Terms and Conditions, together with our <a href=\"\">privacy statement<\/a> and <a href=\"\">cookie policy<\/a>, constitute the entire agreement between you and  in relation to your use of this website.<\/p><h2>18. Rechtswahl und Gerichtsstand<\/h2><p>Diese Allgemeinen Gesch\u00e4ftsbedingungen unterliegen den Gesetzen von . &nbsp;F\u00fcr alle Streitigkeiten im Zusammenhang mit diesen Allgemeinen Gesch\u00e4ftsbedingungen sind die Gerichte von  zust\u00e4ndig.&nbsp;Wenn ein Teil oder eine Bestimmung dieser Allgemeinen Gesch\u00e4ftsbedingungen von einem Gericht oder einer anderen Beh\u00f6rde als ung\u00fcltig und \/ oder nach geltendem Recht nicht durchsetzbar befunden wird, wird dieser Teil oder diese Bestimmung im maximal zul\u00e4ssigen Umfang ge\u00e4ndert, gel\u00f6scht und \/ oder durchgesetzt die Absicht dieser Allgemeinen Gesch\u00e4ftsbedingungen verwirklicht.&nbsp;Die \u00fcbrigen Bestimmungen bleiben unber\u00fchrt.<\/p><h2>19. Kontaktinformationen<\/h2><p>Diese Website geh\u00f6rt und wird betrieben von  .<\/p><h2>20. Herunterladen<\/h2><p>You can also <a href=\"https:\/\/studies-planner.com\/wp-content\/plugins\/complianz-terms-conditions\/download.php\">download<\/a> our Terms and Conditions as a PDF.<\/p><\/div>\n<!-- Below are the alternative terms --><br \/>\n<!--\nWelcome to our website. If you continue to browse and use this website, you are agreeing to comply with and be bound by the following terms and conditions of use, which together with our privacy policy govern [] relationship with you in relation to this website. If you disagree with any part of these terms and conditions, please do not use our website.\n \nThe term \u2018[]\u2019 or \u2018us\u2019 or \u2018we\u2019 refers to the owner of the website whose registered office is []. Our company registration number is []. The term \u2018you\u2019 refers to the user or viewer of our website.\n\nThe use of this website is subject to the following terms of use:\n\n    \u2013 The content of the pages of this website is for your general information and use only. It is subject to change without notice.\n    \u2013 This website uses cookies to monitor browsing preferences. If you do allow cookies to be used, the following personal information may be stored by us for use by third parties.\n    \u2013 Neither we nor any third parties provide any warranty or guarantee as to the accuracy, timeliness, performance, completeness or suitability of the information and materials found or offered on this website for any particular purpose. You acknowledge that such information and materials may contain inaccuracies or errors and we expressly exclude liability for any such inaccuracies or errors to the fullest extent permitted by law.\n    \u2013 Your use of any information or materials on this website is entirely at your own risk, for which we shall not be liable. It shall be your own responsibility to ensure that any products, services or information available through this website meet your specific requirements.\n    \u2013 This website contains material which is owned by or licensed to us. This material includes, but is not limited to, the design, layout, look, appearance and graphics. Reproduction is prohibited other than in accordance with the copyright notice, which forms part of these terms and conditions.\n    \u2013 All trade marks reproduced in this website which are not the property of, or licensed to, the operator are acknowledged on the website.\n    \u2013 Unauthorized use of this website may give rise to a claim for damages and\/or be a criminal offense.\n    \u2013 From time to time this website may also include links to other websites. These links are provided for your convenience to provide further information. They do not signify that we endorse the website(s). We have no responsibility for the content of the linked website(s).\n    \u2013 Your use of this website and any dispute arising out of such use of the website is subject to the laws of Cyprus \n--><\/p>\n","protected":false},"excerpt":{"rendered":"","protected":false},"author":1,"featured_media":0,"parent":0,"menu_order":22,"comment_status":"closed","ping_status":"closed","template":"","meta":{"_genesis_hide_title":false,"_genesis_hide_breadcrumbs":false,"_genesis_hide_singular_image":false,"_genesis_hide_footer_widgets":false,"_genesis_custom_body_class":"","_genesis_custom_post_class":"","_genesis_layout":"","footnotes":""},"class_list":{"0":"post-1342","1":"page","2":"type-page","3":"status-publish","5":"entry"},"_links":{"self":[{"href":"https:\/\/studies-planner.com\/de\/wp-json\/wp\/v2\/pages\/1342","targetHints":{"allow":["GET"]}}],"collection":[{"href":"https:\/\/studies-planner.com\/de\/wp-json\/wp\/v2\/pages"}],"about":[{"href":"https:\/\/studies-planner.com\/de\/wp-json\/wp\/v2\/types\/page"}],"author":[{"embeddable":true,"href":"https:\/\/studies-planner.com\/de\/wp-json\/wp\/v2\/users\/1"}],"replies":[{"embeddable":true,"href":"https:\/\/studies-planner.com\/de\/wp-json\/wp\/v2\/comments?post=1342"}],"version-history":[{"count":0,"href":"https:\/\/studies-planner.com\/de\/wp-json\/wp\/v2\/pages\/1342\/revisions"}],"wp:attachment":[{"href":"https:\/\/studies-planner.com\/de\/wp-json\/wp\/v2\/media?parent=1342"}],"curies":[{"name":"wp","href":"https:\/\/api.w.org\/{rel}","templated":true}]}}